{"id":356,"date":"2023-09-20T17:24:58","date_gmt":"2023-09-20T15:24:58","guid":{"rendered":"https:\/\/acsg.hu\/?page_id=356"},"modified":"2025-03-11T12:38:54","modified_gmt":"2025-03-11T11:38:54","slug":"fooldal","status":"publish","type":"page","link":"https:\/\/acsg.hu\/hu\/","title":{"rendered":"F\u0151oldal"},"content":{"rendered":"<div id=\"pl-356\"  class=\"panel-layout\" ><div id=\"pg-356-0\"  class=\"panel-grid panel-has-style\" ><div class=\"panel-row-style panel-row-style-for-356-0\" ><div id=\"pgc-356-0-0\"  class=\"panel-grid-cell\" ><div id=\"panel-356-0-0-0\" class=\"so-panel widget widget_ndm-section-title panel-first-child\" data-index=\"0\" ><div\n\t\t\t\n\t\t\tclass=\"so-widget-ndm-section-title so-widget-ndm-section-title-default-d75171398898-356\"\n\t\t\t\n\t\t><h2 class=\"ndm-section-title text-center mb-3 mb-lg-6\"><span>[<\/span> R\u00f3lunk <span>]<\/span><\/h2><\/div><\/div><div id=\"panel-356-0-0-1\" class=\"so-panel widget widget_ndm-img-text panel-last-child\" data-index=\"1\" ><div\n\t\t\t\n\t\t\tclass=\"so-widget-ndm-img-text so-widget-ndm-img-text-default-d75171398898-356\"\n\t\t\t\n\t\t><div class=\"ndm-it row align-items-center\">\n    <div class=\"col-lg-6\">\n        <p>V\u00e1llalatunk 2005 \u00f3ta foglalkozik k\u00e1belkonfekcion\u00e1l\u00e1ssal \u00e9s modul\u00f6sszeszerel\u00e9ssel, prec\u00edz \u00e9s teljes m\u00e9rt\u00e9kben sz\u00e1m\u00edt\u00f3g\u00e9pes\u00edtett k\u00f6rnyezetben. Tev\u00e9kenys\u00e9g\u00fcnk sor\u00e1n kis- \u00e9s k\u00f6zepes volumen\u0171, \u00f6sszetett term\u00e9keket gy\u00e1rtunk, mik\u00f6zben folyamatosan t\u00e1mogatjuk \u00fcgyfeleinket term\u00e9keik \u00e9s anyagfelhaszn\u00e1l\u00e1suk optimaliz\u00e1l\u00e1s\u00e1ban. Innovat\u00edv gy\u00e1rt\u00e1si technol\u00f3gi\u00e1k alkalmaz\u00e1s\u00e1val folyamatosan n\u00f6velj\u00fck hat\u00e9konys\u00e1gunkat. Gy\u0151r sz\u00edv\u00e9ben, f\u0151bb aut\u00f3p\u00e1ly\u00e1k \u00e9s hat\u00e1rok k\u00f6zel\u00e9ben elhelyezked\u0151 \u00fczem\u00fcnk kiv\u00e1l\u00f3 el\u00e9rhet\u0151s\u00e9get biztos\u00edt partnereink sz\u00e1m\u00e1ra<\/p>\n<p>Fejl\u0151d\u00e9s\u00fcnket j\u00f3l t\u00fckr\u00f6zi a 2018-ban megval\u00f3sult 4 000 m\u00b2-es gy\u00e1rt\u00f3csarnokunk, amely b\u0151v\u00fcl\u0151 \u00fcgyf\u00e9lk\u00f6r\u00fcnk \u00e9s t\u00f6bb mint 120 f\u0151s csapatunk sz\u00e1m\u00e1ra biztos\u00edt korszer\u0171 munkak\u00f6rnyezetet. A kiv\u00e1l\u00f3 min\u0151s\u00e9get \u00e9s hat\u00e9konys\u00e1got magasan k\u00e9pzett szakemberg\u00e1rd\u00e1nk, a legkorszer\u0171bb g\u00e9ppark, valamint egy modern ERP-rendszer garant\u00e1lja, amely fel\u00fcgyeli az \u00fczem folyamatait \u00e9s dokument\u00e1ci\u00f3j\u00e1t. A technol\u00f3gia, a szakmai k\u00e9pz\u00e9s \u00e9s az \u00fcgyf\u00e9lt\u00e1mogat\u00e1s egy\u00fcttesen biztos\u00edtja, hogy a k\u00e1belkonfekcion\u00e1l\u00e1s ter\u00fclet\u00e9n piacvezet\u0151k\u00e9nt kiemelked\u0151 min\u0151s\u00e9get \u00e9s hat\u00e9konys\u00e1got ny\u00fajtsunk.<\/p>\n    <\/div>\n    <div class=\"col-lg-6\">\n        <figure class=\"ndm-image\"><img decoding=\"async\" src=\"https:\/\/acsg.hu\/wp-content\/uploads\/2024\/11\/acsg-hq.jpg\" srcset=\"https:\/\/acsg.hu\/wp-content\/uploads\/2024\/11\/acsg-hq.jpg 150w, https:\/\/acsg.hu\/wp-content\/uploads\/2024\/11\/acsg-hq.jpg 394w, https:\/\/acsg.hu\/wp-content\/uploads\/2024\/11\/acsg-hq-768x512.jpg 640w, https:\/\/acsg.hu\/wp-content\/uploads\/2024\/11\/acsg-hq.jpg 640w, https:\/\/acsg.hu\/wp-content\/uploads\/2024\/11\/acsg-hq.jpg 1024w, https:\/\/acsg.hu\/wp-content\/uploads\/2024\/11\/acsg-hq.jpg 1024w, https:\/\/acsg.hu\/wp-content\/uploads\/2024\/11\/acsg-hq-400x267.jpg 400w, https:\/\/acsg.hu\/wp-content\/uploads\/2024\/11\/acsg-hq-576x384.jpg 576w, https:\/\/acsg.hu\/wp-content\/uploads\/2024\/11\/acsg-hq-768x512.jpg 768w, https:\/\/acsg.hu\/wp-content\/uploads\/2024\/11\/acsg-hq-840x560.jpg 840w, https:\/\/acsg.hu\/wp-content\/uploads\/2024\/11\/acsg-hq-960x640.jpg 960w, https:\/\/acsg.hu\/wp-content\/uploads\/2024\/11\/acsg-hq.jpg 1024w, https:\/\/acsg.hu\/wp-content\/uploads\/2024\/11\/acsg-hq.jpg 1024w, https:\/\/acsg.hu\/wp-content\/uploads\/2024\/11\/acsg-hq.jpg 1024w, https:\/\/acsg.hu\/wp-content\/uploads\/2024\/11\/acsg-hq.jpg 1024w, https:\/\/acsg.hu\/wp-content\/uploads\/2024\/11\/acsg-hq.jpg 1024w, https:\/\/acsg.hu\/wp-content\/uploads\/2024\/11\/acsg-hq.jpg 1024w\"  title=\"ACSG\" alt=\"ACSG Headquarter\" loading=\"lazy\"><\/figure>    <\/div>\n<\/div><\/div><\/div><\/div><\/div><\/div><div id=\"pg-356-1\"  class=\"panel-grid panel-has-style\" ><div class=\"panel-row-style panel-row-style-for-356-1\" ><div id=\"pgc-356-1-0\"  class=\"panel-grid-cell\" ><div id=\"panel-356-1-0-0\" class=\"so-panel widget widget_ndm-section-title panel-first-child\" data-index=\"2\" ><div\n\t\t\t\n\t\t\tclass=\"so-widget-ndm-section-title so-widget-ndm-section-title-default-d75171398898-356\"\n\t\t\t\n\t\t><h2 class=\"ndm-section-title text-center mb-3 mb-lg-6\"><span>[<\/span> Our Proud Partners <span>]<\/span><\/h2><\/div><\/div><div id=\"panel-356-1-0-1\" class=\"so-panel widget widget_ndm-partners panel-last-child\" data-index=\"3\" ><div\n\t\t\t\n\t\t\tclass=\"so-widget-ndm-partners so-widget-ndm-partners-default-d75171398898-356\"\n\t\t\t\n\t\t><div class=\"ndm-logo-slider swiper\">\r\n    <div class=\"swiper-wrapper\">\r\n                            <div class=\"swiper-slide d-flex flex-column justify-content-center align-items-center h-100\">\r\n                        <img decoding=\"async\" \r\n                            src=\"https:\/\/acsg.hu\/wp-content\/uploads\/2024\/11\/stratec-logo.svg\" \r\n                            alt=\"Stratec logo\" \r\n                            title=\"\" \r\n                            loading=\"lazy\"\r\n                        >\r\n                    <\/div>\r\n                                        <div class=\"swiper-slide d-flex flex-column justify-content-center align-items-center h-100\">\r\n                        <img decoding=\"async\" \r\n                            src=\"https:\/\/acsg.hu\/wp-content\/uploads\/2024\/11\/xbody-logo.svg\" \r\n                            alt=\"xBody logo\" \r\n                            title=\"\" \r\n                            loading=\"lazy\"\r\n                        >\r\n                    <\/div>\r\n                                        <div class=\"swiper-slide d-flex flex-column justify-content-center align-items-center h-100\">\r\n                        <img decoding=\"async\" \r\n                            src=\"https:\/\/acsg.hu\/wp-content\/uploads\/2024\/11\/wittmann-logo.svg\" \r\n                            alt=\"Wittmann logo\" \r\n                            title=\"\" \r\n                            loading=\"lazy\"\r\n                        >\r\n                    <\/div>\r\n                        <\/div>\r\n    <div class=\"swiper-pagination\"><\/div>\r\n<\/div><\/div><\/div><\/div><\/div><\/div><\/div>","protected":false},"excerpt":{"rendered":"<p>[ R\u00f3lunk ] V\u00e1llalatunk 2005 \u00f3ta foglalkozik k\u00e1belkonfekcion\u00e1l\u00e1ssal \u00e9s modul\u00f6sszeszerel\u00e9ssel, prec\u00edz \u00e9s teljes m\u00e9rt\u00e9kben sz\u00e1m\u00edt\u00f3g\u00e9pes\u00edtett k\u00f6rnyezetben. Tev\u00e9kenys\u00e9g\u00fcnk sor\u00e1n kis- \u00e9s k\u00f6zepes volumen\u0171, \u00f6sszetett term\u00e9keket gy\u00e1rtunk, mik\u00f6zben folyamatosan t\u00e1mogatjuk \u00fcgyfeleinket term\u00e9keik \u00e9s anyagfelhaszn\u00e1l\u00e1suk optimaliz\u00e1l\u00e1s\u00e1ban. Innovat\u00edv gy\u00e1rt\u00e1si technol\u00f3gi\u00e1k alkalmaz\u00e1s\u00e1val folyamatosan n\u00f6velj\u00fck hat\u00e9konys\u00e1gunkat. Gy\u0151r sz\u00edv\u00e9ben, f\u0151bb aut\u00f3p\u00e1ly\u00e1k \u00e9s hat\u00e1rok k\u00f6zel\u00e9ben elhelyezked\u0151 \u00fczem\u00fcnk kiv\u00e1l\u00f3 el\u00e9rhet\u0151s\u00e9get biztos\u00edt partnereink sz\u00e1m\u00e1ra Fejl\u0151d\u00e9s\u00fcnket [&hellip;]<\/p>\n","protected":false},"author":2,"featured_media":0,"parent":0,"menu_order":1,"comment_status":"closed","ping_status":"closed","template":"fullwidth.php","meta":{"footnotes":""},"class_list":["post-356","page","type-page","status-publish","hentry"],"_links":{"self":[{"href":"https:\/\/acsg.hu\/hu\/wp-json\/wp\/v2\/pages\/356","targetHints":{"allow":["GET"]}}],"collection":[{"href":"https:\/\/acsg.hu\/hu\/wp-json\/wp\/v2\/pages"}],"about":[{"href":"https:\/\/acsg.hu\/hu\/wp-json\/wp\/v2\/types\/page"}],"author":[{"embeddable":true,"href":"https:\/\/acsg.hu\/hu\/wp-json\/wp\/v2\/users\/2"}],"replies":[{"embeddable":true,"href":"https:\/\/acsg.hu\/hu\/wp-json\/wp\/v2\/comments?post=356"}],"version-history":[{"count":2,"href":"https:\/\/acsg.hu\/hu\/wp-json\/wp\/v2\/pages\/356\/revisions"}],"predecessor-version":[{"id":359,"href":"https:\/\/acsg.hu\/hu\/wp-json\/wp\/v2\/pages\/356\/revisions\/359"}],"wp:attachment":[{"href":"https:\/\/acsg.hu\/hu\/wp-json\/wp\/v2\/media?parent=356"}],"curies":[{"name":"wp","href":"https:\/\/api.w.org\/{rel}","templated":true}]}}